{"id":7,"date":"2014-02-15T16:17:15","date_gmt":"2014-02-15T14:17:15","guid":{"rendered":"http:\/\/test.rinne-bau.de\/?page_id=7"},"modified":"2018-05-31T15:14:17","modified_gmt":"2018-05-31T13:14:17","slug":"firmenportrait","status":"publish","type":"page","link":"https:\/\/www.rinne-bau.de\/?page_id=7","title":{"rendered":"Firmenportrait"},"content":{"rendered":"<p><img loading=\"lazy\" width=\"180\" height=\"135\" class=\" wp-image-8 alignleft\" src=\"http:\/\/www.rinne-bau.de\/wp-content\/uploads\/2014\/02\/th_projekt_42.jpg\" alt=\"th_projekt_42\" \/>Als traditionsreicher mittelst\u00e4ndischer Handwerksbetrieb mit rund 100-j\u00e4hriger Firmengeschichte und Sitz in 31035 Despetal OT. Eitzum stellen wir uns Ihnen als Ihr direkter, kompetenter und zuverl\u00e4ssiger Ansprechpartner f\u00fcr alle Fragen zum Thema \u201eBauen\u201c vor.<\/p>\n<p>Die Firma Karl Rinne Baugesch\u00e4ft wird seit 1968 vom jetzigen Inhaber Karl Rinne (Maurermeister) als Familienunternehmen in 3. Generation sehr erfolgreich gef\u00fchrt.<\/p>\n<p>Seit vielen Jahren schon stehen ihm die S\u00f6hne Alexander Rinne (Dipl.-Bauingenieur FH) und Tobias Rinne (Maurermeister) bei der Firmenleitung tatkr\u00e4ftig zur Seite. Gemeinsam f\u00fchren sie die Geschicke der Firma Karl Rinne Baugesch\u00e4ft zum Beginn des 21. Jahrhunderts in nunmehr schon 4. Generation erfolgreich weiter.<\/p>\n<p>Dabei k\u00f6nnen wir auf einen Stamm langj\u00e4hriger Mitarbeiter, die teilweise schon ihre Ausbildung in der Firma Rinne absolviert haben und inzw. z. T. schon mehr als 25 Jahre der Firma Rinne angeh\u00f6ren, zur\u00fcckgreifen!<\/p>\n<p><img loading=\"lazy\" class=\"alignnone wp-image-93 size-large\" src=\"http:\/\/www.rinne-bau.de\/wp-content\/uploads\/2018\/05\/architektur-bau-baume-392031-1024x577.jpg\" alt=\"\" width=\"625\" height=\"352\" srcset=\"https:\/\/www.rinne-bau.de\/wp-content\/uploads\/2018\/05\/architektur-bau-baume-392031-1024x577.jpg 1024w, https:\/\/www.rinne-bau.de\/wp-content\/uploads\/2018\/05\/architektur-bau-baume-392031-300x169.jpg 300w, https:\/\/www.rinne-bau.de\/wp-content\/uploads\/2018\/05\/architektur-bau-baume-392031-768x433.jpg 768w, https:\/\/www.rinne-bau.de\/wp-content\/uploads\/2018\/05\/architektur-bau-baume-392031-624x352.jpg 624w\" sizes=\"(max-width: 625px) 100vw, 625px\" \/><\/p>\n","protected":false},"excerpt":{"rendered":"<p>Als traditionsreicher mittelst\u00e4ndischer Handwerksbetrieb mit rund 100-j\u00e4hriger Firmengeschichte und Sitz in 31035 Despetal OT. Eitzum stellen wir uns Ihnen als Ihr direkter, kompetenter und zuverl\u00e4ssiger Ansprechpartner f\u00fcr alle Fragen zum Thema \u201eBauen\u201c vor. Die Firma Karl Rinne Baugesch\u00e4ft wird seit 1968 vom jetzigen Inhaber Karl Rinne (Maurermeister) als Familienunternehmen in 3. Generation sehr erfolgreich gef\u00fchrt. [&hellip;]<\/p>\n","protected":false},"author":1,"featured_media":0,"parent":0,"menu_order":1,"comment_status":"open","ping_status":"open","template":"","meta":[],"_links":{"self":[{"href":"https:\/\/www.rinne-bau.de\/index.php?rest_route=\/wp\/v2\/pages\/7"}],"collection":[{"href":"https:\/\/www.rinne-bau.de\/index.php?rest_route=\/wp\/v2\/pages"}],"about":[{"href":"https:\/\/www.rinne-bau.de\/index.php?rest_route=\/wp\/v2\/types\/page"}],"author":[{"embeddable":true,"href":"https:\/\/www.rinne-bau.de\/index.php?rest_route=\/wp\/v2\/users\/1"}],"replies":[{"embeddable":true,"href":"https:\/\/www.rinne-bau.de\/index.php?rest_route=%2Fwp%2Fv2%2Fcomments&post=7"}],"version-history":[{"count":3,"href":"https:\/\/www.rinne-bau.de\/index.php?rest_route=\/wp\/v2\/pages\/7\/revisions"}],"predecessor-version":[{"id":96,"href":"https:\/\/www.rinne-bau.de\/index.php?rest_route=\/wp\/v2\/pages\/7\/revisions\/96"}],"wp:attachment":[{"href":"https:\/\/www.rinne-bau.de\/index.php?rest_route=%2Fwp%2Fv2%2Fmedia&parent=7"}],"curies":[{"name":"wp","href":"https:\/\/api.w.org\/{rel}","templated":true}]}}